{"id":18,"date":"2024-09-13T11:24:40","date_gmt":"2024-09-13T11:24:40","guid":{"rendered":"http:\/\/test.pich.pl\/?page_id=18"},"modified":"2025-02-18T17:29:11","modified_gmt":"2025-02-18T16:29:11","slug":"curriculum-vitae","status":"publish","type":"page","link":"https:\/\/pich.pl\/pl\/curriculum-vitae\/","title":{"rendered":"Curriculum Vitae"},"content":{"rendered":"<p>Ta strona zawiera moje CV, przedstawiaj\u0105ce do\u015bwiadczenie zawodowe, umiej\u0119tno\u015bci i osi\u0105gni\u0119cia. Zapewnia kompleksowy przegl\u0105d mojej historii kariery i kwalifikacji.<\/p>\n\n\n\n<h2 class=\"wp-block-heading has-text-align-center\">Do\u015bwiadczenie<\/h2>\n\n\n\n<h3 class=\"wp-block-heading\">Univio<\/h3>\n\n\n\n<h4 class=\"wp-block-heading\"><strong>Senior PHP Developer<\/strong><\/h4>\n\n\n\n<p>from 11.2024<\/p>\n\n\n\n<ul class=\"wp-block-list\">\n<li>Utrzymanie i rozw\u00f3j backendu w Magento Open Source<\/li>\n\n\n\n<li>Utrzymanie i rozw\u00f3j mikroserwis\u00f3w e-commerce opartych o Symfony Framework<\/li>\n\n\n\n<li>Wsparcie zespo\u0142u DevOps w dostarczaniu zmian infrastruktury<\/li>\n<\/ul>\n\n\n\n<h3 class=\"wp-block-heading\">VML \/ Gorilla Group<\/h3>\n\n\n\n<h4 class=\"wp-block-heading\"><strong>Magento Lead Engineer&nbsp;<\/strong><\/h4>\n\n\n\n<p>05.2022 \u2013 11.2024<\/p>\n\n\n\n<ul class=\"wp-block-list\">\n<li>Odpowiedzialno\u015b\u0107 za jako\u015b\u0107 rozwi\u0105zania oraz uko\u0144czenie projektu w czasie i bud\u017cecie<\/li>\n\n\n\n<li>Wspieranie zespo\u0142u podczas zbierania wymaga\u0144 biznesowych i funkcjonalnych&nbsp;<\/li>\n\n\n\n<li>Analiza wymaga\u0144 projektu, estymacja oraz planowanie na podstawie wymaga\u0144<\/li>\n\n\n\n<li>Eskalacja ryzyka zwi\u0105zanego z decyzjami ca\u0142ego zespo\u0142u<\/li>\n\n\n\n<li>Code review i wsparcie techniczne zespo\u0142u programist\u00f3w<\/li>\n\n\n\n<li>Kierowanie zespo\u0142em programist\u00f3w w fazie rozwoju oprogramowania<\/li>\n\n\n\n<li>Koordynacja wdro\u017cenia projektu na \u015brodowisko produkcyjne<\/li>\n<\/ul>\n\n\n\n<h3 class=\"wp-block-heading\"><strong>Creatuity Corp.<\/strong><\/h3>\n\n\n\n<h4 class=\"wp-block-heading\"><strong>Development Team Lead \/ QA Team Lead<\/strong><\/h4>\n\n\n\n<p>02.2021 \u2013 06.2022<\/p>\n\n\n\n<ul class=\"wp-block-list\">\n<li>Organizacja pracy programist\u00f3w oraz tester\u00f3w w firmie&nbsp;<\/li>\n\n\n\n<li>Usprawnianie i organizacja proces\u00f3w dostarczania oprogramowania<\/li>\n\n\n\n<li>Nadz\u00f3r techniczny nad projektami tworzonymi dla klient\u00f3w&nbsp;<\/li>\n\n\n\n<li>Raportowanie skuteczno\u015bci dzia\u0142u<\/li>\n\n\n\n<li>Rekrutacja nowych programist\u00f3w i tester\u00f3w w firmie&nbsp;<\/li>\n\n\n\n<li>Onboarding i offboarding programist\u00f3w oraz tester\u00f3w<\/li>\n\n\n\n<li>Przeprowadzanie rozm\u00f3w kwartalnych programist\u00f3w oraz tester\u00f3w&nbsp;<\/li>\n\n\n\n<li>Wprowadzanie nowych technologii i narz\u0119dzi&nbsp;<\/li>\n\n\n\n<li>Zarz\u0105dzenie wynagrodzeniami w dziale programist\u00f3w i tester\u00f3w<\/li>\n<\/ul>\n\n\n\n<h4 class=\"wp-block-heading\"><strong>Senior Magento Developer&nbsp;<\/strong><\/h4>\n\n\n\n<p>05.2019 \u2013 02.2021<\/p>\n\n\n\n<ul class=\"wp-block-list\">\n<li>Rozw\u00f3j projekt\u00f3w opartych o Magento 2 w metodyce Scrum i Kanban<\/li>\n\n\n\n<li>Wsparcie merytoryczne zespo\u0142u&nbsp;<\/li>\n\n\n\n<li>Koordynacja z managerami projekt\u00f3w w USA<\/li>\n\n\n\n<li>Praca w samoorganizuj\u0105cym si\u0119 zespole&nbsp;<\/li>\n<\/ul>\n\n\n\n<h4 class=\"wp-block-heading\"><strong>Team Lead \/ Magento Developer&nbsp;<\/strong><\/h4>\n\n\n\n<p>11.2018 \u2013 05.2019<\/p>\n\n\n\n<ul class=\"wp-block-list\">\n<li>Rozw\u00f3j projekt\u00f3w opartych o Magento 2 w metodyce Scrum i Kanban<\/li>\n\n\n\n<li>Kierowanie \u015bcie\u017ck\u0105 rozwoju programist\u00f3w&nbsp;<\/li>\n\n\n\n<li>Wsparcie procesu rekrutacji od strony technicznej&nbsp;<\/li>\n\n\n\n<li>Koordynacja procesu wytw\u00f3rczego w powierzonych projektach&nbsp;<\/li>\n<\/ul>\n\n\n\n<h4 class=\"wp-block-heading\"><strong>Magento Developer&nbsp;<\/strong><\/h4>\n\n\n\n<p>02.2017 \u2013 11.2018<\/p>\n\n\n\n<ul class=\"wp-block-list\">\n<li>Rozw\u00f3j projekt\u00f3w opartych o Magento 2 oraz Magento 1<\/li>\n<\/ul>\n\n\n\n<h3 class=\"wp-block-heading\"><strong>Squiz<\/strong><\/h3>\n\n\n\n<h4 class=\"wp-block-heading\"><strong>Magento Developer<\/strong><\/h4>\n\n\n\n<p>02.2016 \u2013 02.2017<\/p>\n\n\n\n<ul class=\"wp-block-list\">\n<li>Praca nad mi\u0119dzynarodowym projektem opartym o platform\u0119 Magento 1<\/li>\n<\/ul>\n\n\n\n<h3 class=\"wp-block-heading\"><strong>IAI S.A.<\/strong><\/h3>\n\n\n\n<h4 class=\"wp-block-heading\"><strong>PHP Developer<\/strong><\/h4>\n\n\n\n<p>11.2014 \u2013 02.2016<\/p>\n\n\n\n<ul class=\"wp-block-list\">\n<li>Rozw\u00f3j i utrzymanie platformy IAI-Shop.com - rozwi\u0105zanie e-commerce SaaS&nbsp;<\/li>\n\n\n\n<li>Integracje z systemami p\u0142atno\u015bci oraz aukcjami internetowymi np. Amazon, Allegro<\/li>\n<\/ul>\n\n\n\n<h3 class=\"wp-block-heading\"><strong>E-kierowca<\/strong><\/h3>\n\n\n\n<h4 class=\"wp-block-heading\"><strong>PHP Developer<\/strong><\/h4>\n\n\n\n<p>10.2013 \u2013 10.2014<\/p>\n\n\n\n<ul class=\"wp-block-list\">\n<li>Tworzenie aplikacji wspierania pracy o\u015brodk\u00f3w&nbsp;<\/li>\n<\/ul>\n\n\n\n<h3 class=\"wp-block-heading\"><strong>Game Factory&nbsp;<\/strong><\/h3>\n\n\n\n<h4 class=\"wp-block-heading\"><strong>PHP Developer<\/strong><\/h4>\n\n\n\n<p>01.2012 \u2013 10.2013<\/p>\n\n\n\n<ul class=\"wp-block-list\">\n<li>Projektowanie i realizacja api dla gier mobilnych<\/li>\n<\/ul>\n\n\n\n<h3 class=\"wp-block-heading\"><strong>Miejska Biblioteka Publiczna w Szczecinie<\/strong><\/h3>\n\n\n\n<h4 class=\"wp-block-heading\"><strong>PHP Developer<\/strong><\/h4>\n\n\n\n<p>04.2011 \u2013 01.2012<\/p>\n\n\n\n<ul class=\"wp-block-list\">\n<li>Konserwacja i rozw\u00f3j aplikacji wewn\u0119trznych wspomagaj\u0105cych prac\u0119 biblioteki<\/li>\n<\/ul>\n\n\n\n<h2 class=\"wp-block-heading has-text-align-center\">Umiej\u0119tno\u015bci<\/h2>\n\n\n\n<div class=\"wp-block-columns is-layout-flex wp-container-core-columns-is-layout-28f84493 wp-block-columns-is-layout-flex\">\n<div class=\"wp-block-column is-layout-flow wp-block-column-is-layout-flow\" style=\"flex-basis:33.33%\">\n<p>Certyfikaty<\/p>\n<\/div>\n\n\n\n<div class=\"wp-block-column is-layout-flow wp-block-column-is-layout-flow\" style=\"flex-basis:66.66%\">\n<ul class=\"wp-block-list\">\n<li>M2 Professional Developer<\/li>\n\n\n\n<li>Kurs zarz\u0105dzania Leadership Coaching<\/li>\n<\/ul>\n<\/div>\n<\/div>\n\n\n\n<div class=\"wp-block-columns is-layout-flex wp-container-core-columns-is-layout-28f84493 wp-block-columns-is-layout-flex\">\n<div class=\"wp-block-column is-layout-flow wp-block-column-is-layout-flow\" style=\"flex-basis:33.33%\">\n<p>Programowanie<\/p>\n<\/div>\n\n\n\n<div class=\"wp-block-column is-layout-flow wp-block-column-is-layout-flow\" style=\"flex-basis:66.66%\">\n<ul class=\"wp-block-list\">\n<li>Wykorzystanie wzorc\u00f3w projektowych<\/li>\n\n\n\n<li>SOLID<\/li>\n\n\n\n<li>Testy jednostkowe<\/li>\n\n\n\n<li>Tworzenie prostego i czytelnego kodu<\/li>\n\n\n\n<li>PHP<\/li>\n\n\n\n<li>JavaScript<\/li>\n<\/ul>\n<\/div>\n<\/div>\n\n\n\n<div class=\"wp-block-columns is-layout-flex wp-container-core-columns-is-layout-28f84493 wp-block-columns-is-layout-flex\">\n<div class=\"wp-block-column is-layout-flow wp-block-column-is-layout-flow\" style=\"flex-basis:33.33%\">\n<p>Adobe Commerce \/ Magento<\/p>\n<\/div>\n\n\n\n<div class=\"wp-block-column is-layout-flow wp-block-column-is-layout-flow\" style=\"flex-basis:66.66%\">\n<ul class=\"wp-block-list\">\n<li>Programowanie backend w pe\u0142nym zakresie<\/li>\n\n\n\n<li>Praca z natywnym frontendem Magento<\/li>\n\n\n\n<li>Integracje z systemami ERP, PIM<\/li>\n\n\n\n<li>Administracja chmur\u0105 Adobe Commerce Cloud<\/li>\n<\/ul>\n<\/div>\n<\/div>\n\n\n\n<div class=\"wp-block-columns is-layout-flex wp-container-core-columns-is-layout-28f84493 wp-block-columns-is-layout-flex\">\n<div class=\"wp-block-column is-layout-flow wp-block-column-is-layout-flow\" style=\"flex-basis:33.33%\">\n<p>Front-end<\/p>\n<\/div>\n\n\n\n<div class=\"wp-block-column is-layout-flow wp-block-column-is-layout-flow\" style=\"flex-basis:66.66%\">\n<ul class=\"wp-block-list\">\n<li>React<\/li>\n\n\n\n<li>Knockout<\/li>\n\n\n\n<li>jQuery<\/li>\n\n\n\n<li>CSS<\/li>\n<\/ul>\n<\/div>\n<\/div>\n\n\n\n<div class=\"wp-block-columns is-layout-flex wp-container-core-columns-is-layout-28f84493 wp-block-columns-is-layout-flex\">\n<div class=\"wp-block-column is-layout-flow wp-block-column-is-layout-flow\" style=\"flex-basis:33.33%\">\n<p>DevOps<\/p>\n<\/div>\n\n\n\n<div class=\"wp-block-column is-layout-flow wp-block-column-is-layout-flow\" style=\"flex-basis:66.66%\">\n<ul class=\"wp-block-list\">\n<li>Docker<\/li>\n\n\n\n<li>Apache<\/li>\n\n\n\n<li>Nginx<\/li>\n\n\n\n<li>Podstawowa administracja serwerami Linux<\/li>\n<\/ul>\n<\/div>\n<\/div>\n\n\n\n<div class=\"wp-block-columns is-layout-flex wp-container-core-columns-is-layout-28f84493 wp-block-columns-is-layout-flex\">\n<div class=\"wp-block-column is-layout-flow wp-block-column-is-layout-flow\" style=\"flex-basis:33.33%\">\n<p>Other<\/p>\n<\/div>\n\n\n\n<div class=\"wp-block-column is-layout-flow wp-block-column-is-layout-flow\" style=\"flex-basis:66.66%\">\n<ul class=\"wp-block-list\">\n<li>Angielski - u\u017cywany w codziennej komunikacji<\/li>\n\n\n\n<li>Team building and management<\/li>\n\n\n\n<li>Metodologie pracy Agile i Waterfall<\/li>\n\n\n\n<li>Praca z narz\u0119dziami Atlassian<\/li>\n<\/ul>\n<\/div>\n<\/div>\n\n\n\n<div class=\"wp-block-columns is-layout-flex wp-container-core-columns-is-layout-28f84493 wp-block-columns-is-layout-flex\">\n<div class=\"wp-block-column is-layout-flow wp-block-column-is-layout-flow\" style=\"flex-basis:33.33%\">\n<p>Baza danych<\/p>\n<\/div>\n\n\n\n<div class=\"wp-block-column is-layout-flow wp-block-column-is-layout-flow\" style=\"flex-basis:66.66%\">\n<ul class=\"wp-block-list\">\n<li>MySQL<\/li>\n\n\n\n<li>MongoDB<\/li>\n<\/ul>\n<\/div>\n<\/div>","protected":false},"excerpt":{"rendered":"<p>This page contains my professional curriculum vitae, outlining my work experience, skills, and achievements. It provides a comprehensive overview of my career history and qualifications. Experience Univio Senior PHP Developer from 11.2024 VML \/ Gorilla Group Magento Lead Engineer&nbsp; 05.2022 \u2013 11.2024 Creatuity Corp. Development Team Lead \/ QA Team Lead 02.2021 \u2013 06.2022 Senior [&hellip;]<\/p>\n","protected":false},"author":1,"featured_media":0,"parent":0,"menu_order":0,"comment_status":"closed","ping_status":"closed","template":"","meta":{"slim_seo":{"title":"Curriculum Vitae - Krzysztof Pich","description":"This page contains my professional curriculum vitae, outlining my work experience, skills, and achievements. It provides a comprehensive overview of my career h"},"footnotes":""},"class_list":["post-18","page","type-page","status-publish","hentry"],"_links":{"self":[{"href":"https:\/\/pich.pl\/pl\/wp-json\/wp\/v2\/pages\/18","targetHints":{"allow":["GET"]}}],"collection":[{"href":"https:\/\/pich.pl\/pl\/wp-json\/wp\/v2\/pages"}],"about":[{"href":"https:\/\/pich.pl\/pl\/wp-json\/wp\/v2\/types\/page"}],"author":[{"embeddable":true,"href":"https:\/\/pich.pl\/pl\/wp-json\/wp\/v2\/users\/1"}],"replies":[{"embeddable":true,"href":"https:\/\/pich.pl\/pl\/wp-json\/wp\/v2\/comments?post=18"}],"version-history":[{"count":5,"href":"https:\/\/pich.pl\/pl\/wp-json\/wp\/v2\/pages\/18\/revisions"}],"predecessor-version":[{"id":124,"href":"https:\/\/pich.pl\/pl\/wp-json\/wp\/v2\/pages\/18\/revisions\/124"}],"wp:attachment":[{"href":"https:\/\/pich.pl\/pl\/wp-json\/wp\/v2\/media?parent=18"}],"curies":[{"name":"wp","href":"https:\/\/api.w.org\/{rel}","templated":true}]}}